{"id":80,"date":"2011-09-20T14:39:48","date_gmt":"2011-09-20T12:39:48","guid":{"rendered":"http:\/\/blog.lokizone.net\/?page_id=80"},"modified":"2011-09-30T08:56:13","modified_gmt":"2011-09-30T06:56:13","slug":"isos-linux","status":"publish","type":"page","link":"https:\/\/blog.lokizone.net\/?page_id=80","title":{"rendered":"Isos Linux"},"content":{"rendered":"<p>Je build quelques liveCD sp\u00e9cifiques bas\u00e9s sur Ubuntu.<br \/>\n<!--more--><br \/>\n<\/br><\/p>\n<ul>\n<li><strong>Ubuntu Booloki Remix<\/strong><\/li>\n<p>G\u00e9n\u00e9ralement bas\u00e9e sur le dernier kernel, c&rsquo;est une iso l\u00e9g\u00e8re sans GUI mais avec tout un tas d&rsquo;outils classiques en ligne de commandes. Tr\u00e8s pratique pour d\u00e9panner une b\u00e9cane rapidement :)<br \/>\n<\/br><\/p>\n<li><strong>Ubuntu Satanic Edition<\/strong><\/li>\n<p>Les images de d\u00e9veloppement Ubuntu Satanic Edition. Pour les iso officielles, merci d&rsquo;aller sur le site <a href=\"http:\/\/ubuntusatanic.org\/livecd.php\" title=\"ubuntusatanic.org\" target=\"_blank\">ubuntusatanic.org<\/a>\n<\/ul>\n<p><\/br><br \/>\nVoici la page d\u00e9di\u00e9e: <strong><a href=\"http:\/\/iso.lokizone.net\/\" title=\"iso.lokizone.net\">iso.lokizone.net<\/a><\/strong><br \/>\n<\/br><\/p>\n","protected":false},"excerpt":{"rendered":"<p>Je build quelques liveCD sp\u00e9cifiques bas\u00e9s sur Ubuntu.<\/p>\n","protected":false},"author":1,"featured_media":0,"parent":0,"menu_order":0,"comment_status":"open","ping_status":"open","template":"","meta":{"footnotes":""},"class_list":["post-80","page","type-page","status-publish","hentry"],"_links":{"self":[{"href":"https:\/\/blog.lokizone.net\/index.php?rest_route=\/wp\/v2\/pages\/80","targetHints":{"allow":["GET"]}}],"collection":[{"href":"https:\/\/blog.lokizone.net\/index.php?rest_route=\/wp\/v2\/pages"}],"about":[{"href":"https:\/\/blog.lokizone.net\/index.php?rest_route=\/wp\/v2\/types\/page"}],"author":[{"embeddable":true,"href":"https:\/\/blog.lokizone.net\/index.php?rest_route=\/wp\/v2\/users\/1"}],"replies":[{"embeddable":true,"href":"https:\/\/blog.lokizone.net\/index.php?rest_route=%2Fwp%2Fv2%2Fcomments&post=80"}],"version-history":[{"count":15,"href":"https:\/\/blog.lokizone.net\/index.php?rest_route=\/wp\/v2\/pages\/80\/revisions"}],"predecessor-version":[{"id":110,"href":"https:\/\/blog.lokizone.net\/index.php?rest_route=\/wp\/v2\/pages\/80\/revisions\/110"}],"wp:attachment":[{"href":"https:\/\/blog.lokizone.net\/index.php?rest_route=%2Fwp%2Fv2%2Fmedia&parent=80"}],"curies":[{"name":"wp","href":"https:\/\/api.w.org\/{rel}","templated":true}]}}